{"id":324,"date":"2021-12-04T14:37:31","date_gmt":"2021-12-04T13:37:31","guid":{"rendered":"http:\/\/eko-system.fr\/?page_id=324"},"modified":"2021-12-16T21:42:12","modified_gmt":"2021-12-16T20:42:12","slug":"accompagnement-dans-votre-projet","status":"publish","type":"page","link":"https:\/\/eko-system.fr\/?page_id=324","title":{"rendered":"Accompagnement dans votre projet"},"content":{"rendered":"\n<div class=\"wp-block-cover alignwide has-background-dim\" style=\"min-height:213px;aspect-ratio:unset;\"><img loading=\"lazy\" decoding=\"async\" width=\"2178\" height=\"817\" class=\"wp-block-cover__image-background wp-image-329\" alt=\"\" src=\"http:\/\/eko-system.fr\/wp-content\/uploads\/2021\/12\/plan-02.1.png\" style=\"object-position:52% 19%\" data-object-fit=\"cover\" data-object-position=\"52% 19%\" srcset=\"https:\/\/eko-system.fr\/wp-content\/uploads\/2021\/12\/plan-02.1.png 2178w, https:\/\/eko-system.fr\/wp-content\/uploads\/2021\/12\/plan-02.1-300x113.png 300w, https:\/\/eko-system.fr\/wp-content\/uploads\/2021\/12\/plan-02.1-1024x384.png 1024w, https:\/\/eko-system.fr\/wp-content\/uploads\/2021\/12\/plan-02.1-768x288.png 768w, https:\/\/eko-system.fr\/wp-content\/uploads\/2021\/12\/plan-02.1-1536x576.png 1536w, https:\/\/eko-system.fr\/wp-content\/uploads\/2021\/12\/plan-02.1-2048x768.png 2048w, https:\/\/eko-system.fr\/wp-content\/uploads\/2021\/12\/plan-02.1-600x225.png 600w\" sizes=\"auto, (max-width: 2178px) 100vw, 2178px\" \/><div class=\"wp-block-cover__inner-container is-layout-flow wp-block-cover-is-layout-flow\">\n<h2 class=\"wp-block-heading\">Notre Approche<\/h2>\n<\/div><\/div>\n\n\n\n<p>Eko-system imagine et con\u00e7oit des projets \u00e0 l\u2019image de ses clients. Nous commen\u00e7ons par rassembler les diff\u00e9rents \u00e9l\u00e9ments qui vous tiennent \u00e0 c\u0153ur et b\u00e2tissons le projet autour de vos envies. Nous \u00e9tudions aussi votre environnement et vos habitudes, pour faire de votre habitat un v\u00e9ritable lieu de vie.\u00a0<\/p>\n\n\n\n<p>Chez Eko-system, nous sommes partisans de l\u2019habitat sain, \u00e9conome en ressources, en \u00e9nergie et respectueux de l\u2019environnement. Nous privil\u00e9gions ainsi des mat\u00e9riaux bio-sourc\u00e9s locaux et naturels et mettons tout en \u0153uvre pour valoriser les mat\u00e9riaux \u00e9cologiques<\/p>\n","protected":false},"excerpt":{"rendered":"<p>Eko-system imagine et con\u00e7oit des projets \u00e0 l\u2019image de ses clients. Nous commen\u00e7ons par rassembler les diff\u00e9rents \u00e9l\u00e9ments qui vous tiennent \u00e0 c\u0153ur et b\u00e2tissons le projet autour de vos envies. Nous \u00e9tudions aussi votre environnement et vos habitudes, pour faire de votre habitat un v\u00e9ritable lieu de vie.\u00a0 Chez Eko-system, nous sommes partisans de [&hellip;]<\/p>\n","protected":false},"author":1,"featured_media":0,"parent":0,"menu_order":0,"comment_status":"closed","ping_status":"closed","template":"","meta":{"_vp_format_video_url":"","_vp_image_focal_point":[],"footnotes":""},"class_list":["post-324","page","type-page","status-publish","hentry"],"_links":{"self":[{"href":"https:\/\/eko-system.fr\/index.php?rest_route=\/wp\/v2\/pages\/324","targetHints":{"allow":["GET"]}}],"collection":[{"href":"https:\/\/eko-system.fr\/index.php?rest_route=\/wp\/v2\/pages"}],"about":[{"href":"https:\/\/eko-system.fr\/index.php?rest_route=\/wp\/v2\/types\/page"}],"author":[{"embeddable":true,"href":"https:\/\/eko-system.fr\/index.php?rest_route=\/wp\/v2\/users\/1"}],"replies":[{"embeddable":true,"href":"https:\/\/eko-system.fr\/index.php?rest_route=%2Fwp%2Fv2%2Fcomments&post=324"}],"version-history":[{"count":9,"href":"https:\/\/eko-system.fr\/index.php?rest_route=\/wp\/v2\/pages\/324\/revisions"}],"predecessor-version":[{"id":408,"href":"https:\/\/eko-system.fr\/index.php?rest_route=\/wp\/v2\/pages\/324\/revisions\/408"}],"wp:attachment":[{"href":"https:\/\/eko-system.fr\/index.php?rest_route=%2Fwp%2Fv2%2Fmedia&parent=324"}],"curies":[{"name":"wp","href":"https:\/\/api.w.org\/{rel}","templated":true}]}}